{"id":2142,"date":"2023-08-25T15:13:06","date_gmt":"2023-08-25T15:13:06","guid":{"rendered":"https:\/\/creciendobrillante.com\/?page_id=2142"},"modified":"2023-08-25T15:13:51","modified_gmt":"2023-08-25T15:13:51","slug":"politica-de-privacidad","status":"publish","type":"page","link":"https:\/\/creciendobrillante.com\/index.php\/politica-de-privacidad\/","title":{"rendered":"Pol\u00edtica de Privacidad"},"content":{"rendered":"\t\t<div data-elementor-type=\"wp-page\" data-elementor-id=\"2142\" class=\"elementor elementor-2142\" data-elementor-post-type=\"page\">\n\t\t\t\t\t\t<section class=\"elementor-section elementor-top-section elementor-element elementor-element-fbd8b85 elementor-section-boxed elementor-section-height-default elementor-section-height-default\" data-id=\"fbd8b85\" data-element_type=\"section\" data-e-type=\"section\" data-settings=\"{&quot;background_background&quot;:&quot;classic&quot;}\">\n\t\t\t\t\t\t<div class=\"elementor-container elementor-column-gap-no\">\n\t\t\t\t\t<div class=\"elementor-column elementor-col-100 elementor-top-column elementor-element elementor-element-12023fb\" data-id=\"12023fb\" data-element_type=\"column\" data-e-type=\"column\">\n\t\t\t<div class=\"elementor-widget-wrap elementor-element-populated\">\n\t\t\t\t\t\t<section class=\"elementor-section elementor-inner-section elementor-element elementor-element-5ac675f elementor-section-boxed elementor-section-height-default elementor-section-height-default\" data-id=\"5ac675f\" data-element_type=\"section\" data-e-type=\"section\">\n\t\t\t\t\t\t<div class=\"elementor-container elementor-column-gap-no\">\n\t\t\t\t\t<div class=\"elementor-column elementor-col-100 elementor-inner-column elementor-element elementor-element-1378fb8\" data-id=\"1378fb8\" data-element_type=\"column\" data-e-type=\"column\">\n\t\t\t<div class=\"elementor-widget-wrap elementor-element-populated\">\n\t\t\t\t\t\t<div class=\"elementor-element elementor-element-1ad68a8 elementor-widget__width-initial elementor-widget elementor-widget-heading\" data-id=\"1ad68a8\" data-element_type=\"widget\" data-e-type=\"widget\" data-widget_type=\"heading.default\">\n\t\t\t\t<div class=\"elementor-widget-container\">\n\t\t\t\t\t<h2 class=\"elementor-heading-title elementor-size-default\">Pol\u00edtica de Privacidad<\/h2>\t\t\t\t<\/div>\n\t\t\t\t<\/div>\n\t\t\t\t\t<\/div>\n\t\t<\/div>\n\t\t\t\t\t<\/div>\n\t\t<\/section>\n\t\t\t\t<div class=\"elementor-element elementor-element-0b9074b elementor-widget elementor-widget-text-editor\" data-id=\"0b9074b\" data-element_type=\"widget\" data-e-type=\"widget\" data-widget_type=\"text-editor.default\">\n\t\t\t\t<div class=\"elementor-widget-container\">\n\t\t\t\t\t\t\t\t\t<p>En Creciendo Brillante, estamos comprometidos con la protecci\u00f3n y seguridad de tu informaci\u00f3n personal. Esta Pol\u00edtica de Privacidad describe c\u00f3mo recopilamos, utilizamos y protegemos los datos que nos proporcionas al utilizar nuestros servicios y programas. Por favor, t\u00f3mate un momento para revisar esta pol\u00edtica antes de utilizar nuestros servicios.<\/p><ol><li><p>Informaci\u00f3n Personal: Recopilamos informaci\u00f3n personal que nos proporcionas voluntariamente al registrarte en nuestros programas, completar formularios o interactuar con nuestro sitio web. Esta informaci\u00f3n puede incluir tu nombre, direcci\u00f3n de correo electr\u00f3nico, informaci\u00f3n de contacto y otra informaci\u00f3n relevante.<\/p><\/li><li><p>Uso de la Informaci\u00f3n: Utilizamos la informaci\u00f3n que recopilamos para brindarte nuestros servicios y programas de manera efectiva. Tambi\u00e9n podemos utilizar tu informaci\u00f3n para enviar comunicaciones relacionadas con nuestros programas, as\u00ed como para mejorar y personalizar tu experiencia con nosotros.<\/p><\/li><li><p>Protecci\u00f3n de Datos: Implementamos medidas de seguridad t\u00e9cnicas y organizativas para proteger tu informaci\u00f3n personal contra el acceso no autorizado, p\u00e9rdida, uso indebido o divulgaci\u00f3n. Sin embargo, es importante tener en cuenta que ninguna transmisi\u00f3n de datos por Internet es completamente segura y no podemos garantizar la seguridad absoluta de tus datos.<\/p><\/li><li><p>Compartir Informaci\u00f3n: No compartiremos, venderemos ni alquilaremos tu informaci\u00f3n personal a terceros sin tu consentimiento. Podemos compartir informaci\u00f3n con proveedores de servicios que nos ayudan a operar y mejorar nuestros programas, pero solo bajo acuerdos de confidencialidad.<\/p><\/li><li><p>Cookies y Tecnolog\u00edas Similares: Utilizamos cookies y tecnolog\u00edas similares para mejorar la funcionalidad de nuestro sitio web y personalizar tu experiencia. Puedes modificar la configuraci\u00f3n de cookies en tu navegador, pero ten en cuenta que esto puede afectar la funcionalidad de nuestro sitio.<\/p><\/li><li><p>Enlaces a Terceros: Nuestro sitio web puede contener enlaces a sitios web de terceros. Esta Pol\u00edtica de Privacidad se aplica solo a nuestras actividades y no somos responsables de las pr\u00e1cticas de privacidad de terceros.<\/p><\/li><li><p>Derechos de Privacidad: Tienes derecho a acceder, corregir o eliminar la informaci\u00f3n personal que hemos recopilado sobre ti. Si deseas ejercer estos derechos, por favor cont\u00e1ctanos a trav\u00e9s de la informaci\u00f3n proporcionada en nuestra p\u00e1gina de contacto.<\/p><\/li><li><p>Cambios en la Pol\u00edtica: Nos reservamos el derecho de modificar esta Pol\u00edtica de Privacidad en cualquier momento. Los cambios ser\u00e1n efectivos tan pronto como se publiquen en esta p\u00e1gina.<\/p><\/li><\/ol><p>Al utilizar nuestros servicios y programas, aceptas esta Pol\u00edtica de Privacidad en su totalidad. Si tienes alguna pregunta o inquietud sobre c\u00f3mo manejamos tu informaci\u00f3n, por favor cont\u00e1ctanos. Tu privacidad es importante para nosotros y estamos comprometidos en protegerla.<\/p>\t\t\t\t\t\t\t\t<\/div>\n\t\t\t\t<\/div>\n\t\t\t\t\t<\/div>\n\t\t<\/div>\n\t\t\t\t\t<\/div>\n\t\t<\/section>\n\t\t\t\t<\/div>\n\t\t","protected":false},"excerpt":{"rendered":"<p>Pol\u00edtica de Privacidad En Creciendo Brillante, estamos comprometidos con la protecci\u00f3n y seguridad de tu informaci\u00f3n personal. Esta Pol\u00edtica de Privacidad describe c\u00f3mo recopilamos, utilizamos y protegemos los datos que nos proporcionas al utilizar nuestros servicios y programas. Por favor, t\u00f3mate un momento para revisar esta pol\u00edtica antes de utilizar nuestros servicios. Informaci\u00f3n Personal: Recopilamos [&hellip;]<\/p>\n","protected":false},"author":1,"featured_media":0,"parent":0,"menu_order":0,"comment_status":"closed","ping_status":"closed","template":"","meta":{"_uag_custom_page_level_css":"","site-sidebar-layout":"no-sidebar","site-content-layout":"page-builder","ast-site-content-layout":"full-width-container","site-content-style":"unboxed","site-sidebar-style":"unboxed","ast-global-header-display":"","ast-banner-title-visibility":"","ast-main-header-display":"","ast-hfb-above-header-display":"","ast-hfb-below-header-display":"","ast-hfb-mobile-header-display":"","site-post-title":"disabled","ast-breadcrumbs-content":"","ast-featured-img":"disabled","footer-sml-layout":"","ast-disable-related-posts":"","theme-transparent-header-meta":"enabled","adv-header-id-meta":"","stick-header-meta":"","header-above-stick-meta":"","header-main-stick-meta":"","header-below-stick-meta":"","astra-migrate-meta-layouts":"set","ast-page-background-enabled":"default","ast-page-background-meta":{"desktop":{"background-color":"var(--ast-global-color-4)","background-image":"","background-repeat":"repeat","background-position":"center center","background-size":"auto","background-attachment":"scroll","background-type":"","background-media":"","overlay-type":"","overlay-color":"","overlay-opacity":"","overlay-gradient":""},"tablet":{"background-color":"","background-image":"","background-repeat":"repeat","background-position":"center center","background-size":"auto","background-attachment":"scroll","background-type":"","background-media":"","overlay-type":"","overlay-color":"","overlay-opacity":"","overlay-gradient":""},"mobile":{"background-color":"","background-image":"","background-repeat":"repeat","background-position":"center center","background-size":"auto","background-attachment":"scroll","background-type":"","background-media":"","overlay-type":"","overlay-color":"","overlay-opacity":"","overlay-gradient":""}},"ast-content-background-meta":{"desktop":{"background-color":"var(--ast-global-color-5)","background-image":"","background-repeat":"repeat","background-position":"center center","background-size":"auto","background-attachment":"scroll","background-type":"","background-media":"","overlay-type":"","overlay-color":"","overlay-opacity":"","overlay-gradient":""},"tablet":{"background-color":"var(--ast-global-color-5)","background-image":"","background-repeat":"repeat","background-position":"center center","background-size":"auto","background-attachment":"scroll","background-type":"","background-media":"","overlay-type":"","overlay-color":"","overlay-opacity":"","overlay-gradient":""},"mobile":{"background-color":"var(--ast-global-color-5)","background-image":"","background-repeat":"repeat","background-position":"center center","background-size":"auto","background-attachment":"scroll","background-type":"","background-media":"","overlay-type":"","overlay-color":"","overlay-opacity":"","overlay-gradient":""}},"_joinchat":[],"footnotes":""},"class_list":["post-2142","page","type-page","status-publish","hentry"],"uagb_featured_image_src":{"full":false,"thumbnail":false,"medium":false,"medium_large":false,"large":false,"1536x1536":false,"2048x2048":false},"uagb_author_info":{"display_name":"creciendobrillante.com","author_link":"https:\/\/creciendobrillante.com\/index.php\/author\/creciendobrillante-com\/"},"uagb_comment_info":0,"uagb_excerpt":"Pol\u00edtica de Privacidad En Creciendo Brillante, estamos comprometidos con la protecci\u00f3n y seguridad de tu informaci\u00f3n personal. Esta Pol\u00edtica de Privacidad describe c\u00f3mo recopilamos, utilizamos y protegemos los datos que nos proporcionas al utilizar nuestros servicios y programas. Por favor, t\u00f3mate un momento para revisar esta pol\u00edtica antes de utilizar nuestros servicios. Informaci\u00f3n Personal: Recopilamos&hellip;","_links":{"self":[{"href":"https:\/\/creciendobrillante.com\/index.php\/wp-json\/wp\/v2\/pages\/2142","targetHints":{"allow":["GET"]}}],"collection":[{"href":"https:\/\/creciendobrillante.com\/index.php\/wp-json\/wp\/v2\/pages"}],"about":[{"href":"https:\/\/creciendobrillante.com\/index.php\/wp-json\/wp\/v2\/types\/page"}],"author":[{"embeddable":true,"href":"https:\/\/creciendobrillante.com\/index.php\/wp-json\/wp\/v2\/users\/1"}],"replies":[{"embeddable":true,"href":"https:\/\/creciendobrillante.com\/index.php\/wp-json\/wp\/v2\/comments?post=2142"}],"version-history":[{"count":4,"href":"https:\/\/creciendobrillante.com\/index.php\/wp-json\/wp\/v2\/pages\/2142\/revisions"}],"predecessor-version":[{"id":2146,"href":"https:\/\/creciendobrillante.com\/index.php\/wp-json\/wp\/v2\/pages\/2142\/revisions\/2146"}],"wp:attachment":[{"href":"https:\/\/creciendobrillante.com\/index.php\/wp-json\/wp\/v2\/media?parent=2142"}],"curies":[{"name":"wp","href":"https:\/\/api.w.org\/{rel}","templated":true}]}}